{"id":1790,"date":"2013-02-10T09:34:51","date_gmt":"2013-02-10T09:34:51","guid":{"rendered":"http:\/\/sesteve.vila-seca.arqtgn.cat\/el-pilo\/"},"modified":"2013-02-10T09:34:51","modified_gmt":"2013-02-10T09:34:51","slug":"el-pilo","status":"publish","type":"page","link":"https:\/\/sesteve.vila-seca.arqtgn.cat\/es\/el-pilo\/","title":{"rendered":"\u00abEl Pil\u00f3\u00bb"},"content":{"rendered":"<p><p style=\"text-align:center\"><a href=\"http:\/\/parroquiadevilaseca.wordpress.com\/el-pilo-de-la-parroquia-de-sant-esteve-de-vila-seca\/cap_pilo\/\" rel=\"attachment wp-att-280\"><img loading=\"lazy\" decoding=\"async\" class=\"aligncenter  wp-image-280\" style=\"border:0 none\" alt=\"cap_pilo\" src=\"http:\/\/vilaseca.wp.arqtgn.cat\/wp-content\/uploads\/sites\/11\/2013\/02\/cap_pilo2.jpg\" width=\"584\" height=\"140\" srcset=\"https:\/\/sesteve.vila-seca.arqtgn.cat\/wp-content\/uploads\/sites\/11\/2013\/02\/cap_pilo2.jpg 650w, https:\/\/sesteve.vila-seca.arqtgn.cat\/wp-content\/uploads\/sites\/11\/2013\/02\/cap_pilo2-300x72.jpg 300w\" sizes=\"auto, (max-width: 584px) 100vw, 584px\" \/><\/a><\/p>\n<p style=\"text-align:justify\">Si us entreteniu a buscar aquest mot en un diccionari o enciclop\u00e8dia, hi trobareu un munt d\u2019accepcions m\u00e9s o menys relacionades entre si per una certa forma i funci\u00f3. En la majoria d\u2019elles, el pil\u00f3 fa de base o b\u00e9 de punt de refer\u00e8ncia. Molts excursionistes, trescant pel Montsant, hem pujat algun cop al Pil\u00f3 dels Senyalets.<\/p>\n<p style=\"text-align:justify\">A <em>Vila-seca<\/em> tenim el <em>Pil\u00f3 del Rescat<\/em> o de<em> Sant Esteve<\/em>, que serva la mem\u00f2ria de la llegenda del rescat de les cent donzelles, quan <em>Galceran de Pin\u00f3s<\/em><br \/>\ni el seu company <em>Santserni<\/em> van apar\u00e8ixer en aquest indret del cam\u00ed del Rac\u00f3, alliberats de la pres\u00f3 d\u2019Almeria, per intercessi\u00f3 de <em>sant Esteve<\/em> i de <em>sant Gen\u00eds<\/em>.<\/p>\n<p style=\"text-align:justify\">En la seva nova etapa, el Full Informatiu de la <em>parr\u00f2quia de Sant Esteve de Vila-seca<\/em> pren el nom d\u2019<strong>EL PIL\u00d3<\/strong>. Aspira a ser la mem\u00f2ria impresa de la nostra comunitat cristiana. Vol ser un petit ajut perqu\u00e8 els cristians de Vila-seca prenguem consci\u00e8ncia que som cridats a ser testimonis del nostre \u201cpil\u00f3\u201d, de l\u2019\u00fanic punt de refer\u00e8ncia s\u00f2lid per a tot \u00e9sser hum\u00e0, que \u00e9s Jesucrist.<\/p>\n<p style=\"text-align:justify\">Agra\u00efm a <em>Andr\u00e9s Faro<\/em> el dibuix de la cap\u00e7alera d\u2019aquest butllet\u00ed informatiu.<\/p>\n<p style=\"text-align:justify\">El Pil\u00f3 es distribueix trimestral en format impr\u00e9s, per\u00f2 tamb\u00e9 el podeu consultar digitalment. A continuaci\u00f3 trobareu tots el n\u00fameros publicats fins al moment.<\/p>\n<hr \/>\n<p style=\"text-align:left\"><a title=\"El Pil\u00f3. N\u00famero 7, juliol - setembre 2013\" href=\"http:\/\/issuu.com\/santestevevilaseca\/docs\/el_pilo_7\" target=\"_blank\" rel=\"noopener noreferrer\"><img loading=\"lazy\" decoding=\"async\" class=\"alignleft  wp-image-567\" alt=\"ppilo_07\" src=\"http:\/\/vilaseca.wp.arqtgn.cat\/wp-content\/uploads\/sites\/11\/2014\/01\/pppilo_711.jpg\" width=\"150\" height=\"210\" \/><\/a><a title=\"El Pil\u00f3. N\u00famero 6, abril - juny 2013\" href=\"http:\/\/issuu.com\/santestevevilaseca\/docs\/el_pilo_6\" target=\"_blank\" rel=\"noopener noreferrer\"><img loading=\"lazy\" decoding=\"async\" class=\"alignleft size-full wp-image-567\" alt=\"ppilo_06\" src=\"http:\/\/vilaseca.wp.arqtgn.cat\/wp-content\/uploads\/sites\/11\/2013\/10\/pppilo_0612.jpg\" width=\"150\" height=\"210\" \/><\/a><a title=\"El Pil\u00f3. N\u00famero 5, gener - mar\u00e7 2013\" href=\"http:\/\/issuu.com\/santestevevilaseca\/docs\/el_pilo_5\" target=\"_blank\" rel=\"noopener noreferrer\"><img loading=\"lazy\" decoding=\"async\" class=\"alignleft size-full wp-image-567\" alt=\"ppilo_05\" src=\"http:\/\/vilaseca.wp.arqtgn.cat\/wp-content\/uploads\/sites\/11\/2013\/08\/ppilo_051.jpg\" width=\"150\" height=\"210\" \/><\/a><\/p>\n<p style=\"text-align:left\"><a title=\"El Pil\u00f3. N\u00famero 4, octubre - desembre 2012\" href=\"http:\/\/issuu.com\/santestevevilaseca\/docs\/4__\" target=\"_blank\" rel=\"noopener noreferrer\"><img loading=\"lazy\" decoding=\"async\" class=\"size-full wp-image-420 alignleft\" alt=\"ppilo_04\" src=\"http:\/\/vilaseca.wp.arqtgn.cat\/wp-content\/uploads\/sites\/11\/2013\/06\/ppilo_04.jpg\" width=\"150\" height=\"210\" \/><\/a><\/p>\n<p style=\"text-align:left\"><a title=\"El Pil\u00f3. N\u00famero 3, juliol - setembre 2012\" href=\"http:\/\/issuu.com\/santestevevilaseca\/docs\/3__\" target=\"_blank\" rel=\"noopener noreferrer\"><img loading=\"lazy\" decoding=\"async\" class=\"size-full wp-image-279 alignleft\" alt=\"ppilo_03\" src=\"http:\/\/vilaseca.wp.arqtgn.cat\/wp-content\/uploads\/sites\/11\/2013\/02\/ppilo_03.jpg\" width=\"150\" height=\"210\" \/><\/a><a title=\"El Pil\u00f3. N\u00famero 2, abril - juny 2012\" href=\"http:\/\/issuu.com\/santestevevilaseca\/docs\/2__\" target=\"_blank\" rel=\"noopener noreferrer\"><img loading=\"lazy\" decoding=\"async\" class=\"size-full wp-image-278 alignleft\" alt=\"ppilo_02\" src=\"http:\/\/vilaseca.wp.arqtgn.cat\/wp-content\/uploads\/sites\/11\/2013\/02\/ppilo_02.jpg\" width=\"150\" height=\"210\" \/><\/a><\/p>\n<p style=\"text-align:left\"><a title=\"El Pil\u00f3. N\u00famero 1, gener - mar\u00e7 2012\" href=\"http:\/\/issuu.com\/santestevevilaseca\/docs\/1__\" target=\"_blank\" rel=\"noopener noreferrer\"><img loading=\"lazy\" decoding=\"async\" class=\"size-full wp-image-281 alignleft\" alt=\"ppilo_01\" src=\"http:\/\/vilaseca.wp.arqtgn.cat\/wp-content\/uploads\/sites\/11\/2013\/02\/ppilo_01.jpg\" width=\"150\" height=\"210\" \/><\/a><\/p><\/p>\n","protected":false},"excerpt":{"rendered":"<p>Si us entreteniu a buscar aquest mot en un diccionari o enciclop\u00e8dia, hi trobareu un munt d\u2019accepcions m\u00e9s o menys relacionades entre si per una certa forma i funci\u00f3. En la majoria d\u2019elles, el pil\u00f3 fa de base o b\u00e9 de punt de refer\u00e8ncia. Molts excursionistes, trescant pel Montsant, hem pujat algun cop al Pil\u00f3 &hellip; <\/p>\n<p><a class=\"more-link btn\" href=\"https:\/\/sesteve.vila-seca.arqtgn.cat\/es\/el-pilo\/\">Seguir leyendo<\/a><\/p>\n","protected":false},"author":11,"featured_media":0,"parent":0,"menu_order":0,"comment_status":"closed","ping_status":"closed","template":"","meta":{"footnotes":""},"class_list":["post-1790","page","type-page","status-publish","hentry","nodate","item-wrap"],"amp_enabled":true,"_links":{"self":[{"href":"https:\/\/sesteve.vila-seca.arqtgn.cat\/es\/wp-json\/wp\/v2\/pages\/1790","targetHints":{"allow":["GET"]}}],"collection":[{"href":"https:\/\/sesteve.vila-seca.arqtgn.cat\/es\/wp-json\/wp\/v2\/pages"}],"about":[{"href":"https:\/\/sesteve.vila-seca.arqtgn.cat\/es\/wp-json\/wp\/v2\/types\/page"}],"author":[{"embeddable":true,"href":"https:\/\/sesteve.vila-seca.arqtgn.cat\/es\/wp-json\/wp\/v2\/users\/11"}],"replies":[{"embeddable":true,"href":"https:\/\/sesteve.vila-seca.arqtgn.cat\/es\/wp-json\/wp\/v2\/comments?post=1790"}],"version-history":[{"count":0,"href":"https:\/\/sesteve.vila-seca.arqtgn.cat\/es\/wp-json\/wp\/v2\/pages\/1790\/revisions"}],"wp:attachment":[{"href":"https:\/\/sesteve.vila-seca.arqtgn.cat\/es\/wp-json\/wp\/v2\/media?parent=1790"}],"curies":[{"name":"wp","href":"https:\/\/api.w.org\/{rel}","templated":true}]}}